{"id":1560,"date":"2021-01-12T12:27:53","date_gmt":"2021-01-12T12:27:53","guid":{"rendered":"http:\/\/caliberqa.com\/lead-gen-page\/"},"modified":"2022-01-31T09:48:08","modified_gmt":"2022-01-31T09:48:08","slug":"lead-gen-page","status":"publish","type":"page","link":"https:\/\/www.caliberqa.com\/fr\/lead-gen-page\/","title":{"rendered":"Comment devenir un installateur certifi\u00e9 de mousse de polyur\u00e9thane pulv\u00e9ris\u00e9e"},"content":{"rendered":"","protected":false},"excerpt":{"rendered":"","protected":false},"author":9,"featured_media":0,"parent":0,"menu_order":0,"comment_status":"closed","ping_status":"closed","template":"","meta":{"_acf_changed":false,"footnotes":""},"class_list":["post-1560","page","type-page","status-publish","hentry"],"acf":[],"_links":{"self":[{"href":"https:\/\/www.caliberqa.com\/fr\/wp-json\/wp\/v2\/pages\/1560","targetHints":{"allow":["GET"]}}],"collection":[{"href":"https:\/\/www.caliberqa.com\/fr\/wp-json\/wp\/v2\/pages"}],"about":[{"href":"https:\/\/www.caliberqa.com\/fr\/wp-json\/wp\/v2\/types\/page"}],"author":[{"embeddable":true,"href":"https:\/\/www.caliberqa.com\/fr\/wp-json\/wp\/v2\/users\/9"}],"replies":[{"embeddable":true,"href":"https:\/\/www.caliberqa.com\/fr\/wp-json\/wp\/v2\/comments?post=1560"}],"version-history":[{"count":0,"href":"https:\/\/www.caliberqa.com\/fr\/wp-json\/wp\/v2\/pages\/1560\/revisions"}],"wp:attachment":[{"href":"https:\/\/www.caliberqa.com\/fr\/wp-json\/wp\/v2\/media?parent=1560"}],"curies":[{"name":"wp","href":"https:\/\/api.w.org\/{rel}","templated":true}]}}